{"id":5676,"date":"2022-03-19T15:43:39","date_gmt":"2022-03-19T15:43:39","guid":{"rendered":"https:\/\/officebite.io\/?post_type=product&#038;p=5676"},"modified":"2025-12-17T13:17:46","modified_gmt":"2025-12-17T12:17:46","slug":"ro-sok-br-2-330ml","status":"publish","type":"product","link":"https:\/\/officebite.io\/shop\/proizvod\/ro-sok-br-2-330ml\/","title":{"rendered":"Paket RO! Sok br. 2, 330ml"},"content":{"rendered":"<p class=\"p1\"><span class=\"s1\">MINIMALNO ZA PORU\u010cIVANJE I DOSTAVU JE 15 KOMADA<\/span><\/p>\n<p>Sastojci: Jabuka, \u0160argarepa, Krastavac, Cvekla, Djumbir, Kelj i Pomorandza.<\/p>\n<p class=\"p1\"><span class=\"s1\">Sok br. 2 sadr\u017ei \u0111umbir koji \u0161titi organizam od slobodnih radikala, reguli\u0161e nivo \u0161e\u0107era u krvi i poma\u017ee pravilnom radu bubrega.<\/span><\/p>\n<p class=\"p1\"><span class=\"s1\">Proizvo\u0111a\u010d:\u00a0<a href=\"https:\/\/www.bubaja.rs\/ro_\" rel=\"tag noopener\" target=\"_blank\">RO<\/a><br \/>\nOvaj proizvod na Office Bite platformi stavljaju u ponudu i dostavljaju:<br \/>\n<a href=\"https:\/\/www.bubaja.rs\/ro_\" rel=\"tag noopener\" target=\"_blank\">RO<\/a> u Beogradu<br \/>\n<\/span><\/p>\n","protected":false},"excerpt":{"rendered":"<p><span class=\"s1\">MINIMALNO ZA PORU\u010cIVANJE I DOSTAVU JE 15 KOMADA<\/span><\/p>\n","protected":false},"featured_media":5694,"comment_status":"open","ping_status":"closed","template":"","meta":{"_acf_changed":false},"product_brand":[],"product_cat":[153,252,242],"product_tag":[],"class_list":{"0":"post-5676","1":"product","2":"type-product","3":"status-publish","4":"has-post-thumbnail","6":"product_cat-pice-kafa-caj","7":"product_cat-bezalkoholni-napici-ro-sokovi","8":"product_cat-ro-sokovi","9":"pa_grad-isporuke-beograd","11":"first","12":"instock","13":"shipping-taxable","14":"purchasable","15":"product-type-simple"},"acf":[],"_links":{"self":[{"href":"https:\/\/officebite.io\/shop\/wp-json\/wp\/v2\/product\/5676","targetHints":{"allow":["GET"]}}],"collection":[{"href":"https:\/\/officebite.io\/shop\/wp-json\/wp\/v2\/product"}],"about":[{"href":"https:\/\/officebite.io\/shop\/wp-json\/wp\/v2\/types\/product"}],"replies":[{"embeddable":true,"href":"https:\/\/officebite.io\/shop\/wp-json\/wp\/v2\/comments?post=5676"}],"wp:featuredmedia":[{"embeddable":true,"href":"https:\/\/officebite.io\/shop\/wp-json\/wp\/v2\/media\/5694"}],"wp:attachment":[{"href":"https:\/\/officebite.io\/shop\/wp-json\/wp\/v2\/media?parent=5676"}],"wp:term":[{"taxonomy":"product_brand","embeddable":true,"href":"https:\/\/officebite.io\/shop\/wp-json\/wp\/v2\/product_brand?post=5676"},{"taxonomy":"product_cat","embeddable":true,"href":"https:\/\/officebite.io\/shop\/wp-json\/wp\/v2\/product_cat?post=5676"},{"taxonomy":"product_tag","embeddable":true,"href":"https:\/\/officebite.io\/shop\/wp-json\/wp\/v2\/product_tag?post=5676"}],"curies":[{"name":"wp","href":"https:\/\/api.w.org\/{rel}","templated":true}]}}