{"id":4853,"date":"2022-03-19T15:42:19","date_gmt":"2022-03-19T14:42:19","guid":{"rendered":"https:\/\/officebite.io\/?post_type=product&#038;p=4853"},"modified":"2026-04-17T16:21:46","modified_gmt":"2026-04-17T14:21:46","slug":"limun","status":"publish","type":"product","link":"https:\/\/officebite.io\/shop\/proizvod\/limun\/","title":{"rendered":"Limun, 500g I klasa"},"content":{"rendered":"<p>Citrus je poznat kao glavni borac protiv prehlada, i to sa pravom. Me\u0111utim,<span style=\"color: #f1c40f\"> <strong>manje je poznato da je limun, kao i ostali citrusi, zbog svoje bogate kombinacije nutritienata (vitamin C, kalijum i vitamin B6) veoma sna\u017ean borac protiv kamena u bubregu, slobodnih radikala u organizmu koji su odgovorni za pojavu kancera, anemije i bolesti srca<\/strong><\/span>. U Srbiju nam limun naj\u010de\u0161\u0107e dolazi iz Turske, Gr\u010dke, \u0160panije i Italije.<\/p>\n<p>Ovaj proizvod na Office Bite platformi stavljaju u ponudu i dostavljaju:<\/p>\n<p>Frutto Fresh u Beogradu<\/p>\n","protected":false},"excerpt":{"rendered":"<p>Citrus je poznat kao glavni borac protiv prehlada, i to sa pravom. Me\u0111utim, manje je poznato da je limun, kao i ostali citrusi, zbog svoje bogate kombinacije nutritienata (vitamin C, kalijum i vitamin B6) veoma sna\u017ean borac protiv kamena u bubregu, slobodnih radikala u organizmu koji su odgovorni za pojavu kancera, anemije i bolesti srca. [&hellip;]<\/p>\n","protected":false},"featured_media":2749,"comment_status":"open","ping_status":"closed","template":"","meta":{"_acf_changed":false},"product_brand":[],"product_cat":[133],"product_tag":[],"class_list":{"0":"post-4853","1":"product","2":"type-product","3":"status-publish","4":"has-post-thumbnail","6":"product_cat-domace-voce","7":"pa_grad-isporuke-beograd","9":"first","10":"instock","11":"shipping-taxable","12":"purchasable","13":"product-type-simple"},"acf":[],"_links":{"self":[{"href":"https:\/\/officebite.io\/shop\/wp-json\/wp\/v2\/product\/4853","targetHints":{"allow":["GET"]}}],"collection":[{"href":"https:\/\/officebite.io\/shop\/wp-json\/wp\/v2\/product"}],"about":[{"href":"https:\/\/officebite.io\/shop\/wp-json\/wp\/v2\/types\/product"}],"replies":[{"embeddable":true,"href":"https:\/\/officebite.io\/shop\/wp-json\/wp\/v2\/comments?post=4853"}],"wp:featuredmedia":[{"embeddable":true,"href":"https:\/\/officebite.io\/shop\/wp-json\/wp\/v2\/media\/2749"}],"wp:attachment":[{"href":"https:\/\/officebite.io\/shop\/wp-json\/wp\/v2\/media?parent=4853"}],"wp:term":[{"taxonomy":"product_brand","embeddable":true,"href":"https:\/\/officebite.io\/shop\/wp-json\/wp\/v2\/product_brand?post=4853"},{"taxonomy":"product_cat","embeddable":true,"href":"https:\/\/officebite.io\/shop\/wp-json\/wp\/v2\/product_cat?post=4853"},{"taxonomy":"product_tag","embeddable":true,"href":"https:\/\/officebite.io\/shop\/wp-json\/wp\/v2\/product_tag?post=4853"}],"curies":[{"name":"wp","href":"https:\/\/api.w.org\/{rel}","templated":true}]}}