{"id":4852,"date":"2022-03-19T15:42:19","date_gmt":"2022-03-19T14:42:19","guid":{"rendered":"https:\/\/officebite.io\/?post_type=product&#038;p=4852"},"modified":"2026-04-17T16:32:08","modified_gmt":"2026-04-17T14:32:08","slug":"narandze","status":"publish","type":"product","link":"https:\/\/officebite.io\/shop\/proizvod\/narandze\/","title":{"rendered":"Narand\u017ee, 500g"},"content":{"rendered":"<p>Najpopularniji citrus.<span style=\"color: #e67e23\"><strong> Iako se najvi\u0161e koristi za ce\u0111enje i kao sok, nece\u0111en plod je mnogo nutritivno bogatiji, pre svega \u0161to se ce\u0111enjem gubi dosta vlakana kojima je narand\u017ea bogata, a vlakna su vi\u0161estruko blagotvorna za \u010dovekov organizam<\/strong><\/span> (pre svega za digestivni i kardiovaskularni sistem).<\/p>\n<p><span style=\"color: #e67e23\"><strong> Narand\u017ee su bogate vitaminima B9 (folat), C i B1 (tiamin). Karotenoidi koje sadr\u017ei su odgovorni za jarke boje narand\u017ee, bogate su i flavoinoidima. Sva ova jedinjenja su veoma korisna za zdravlje celokupnog kardiovaskularnog sistema, kao i za spre\u010davanje stvaranja kamena u bubregu i spre\u010davanje anemije.<\/strong><\/span><\/p>\n<p>\u0160panske narand\u017ee su se do sada pokazale kao najkvalitetnije i pune soka, pa se zato i trudimo da nabavimo i na\u0161im klijentima dostavimo upravo narand\u017ee iz \u0160panije.<\/p>\n<p>Ovaj proizvod na Office Bite platformi stavljaju u ponudu i dostavljaju:<\/p>\n<p>Frutto Fresh u Beogradu<\/p>\n","protected":false},"excerpt":{"rendered":"<p>Najpopularniji citrus. Iako se najvi\u0161e koristi za ce\u0111enje i kao sok, nece\u0111en plod je mnogo nutritivno bogatiji, pre svega \u0161to se ce\u0111enjem gubi dosta vlakana kojima je narand\u017ea bogata, a vlakna su vi\u0161estruko blagotvorna za \u010dovekov organizam (pre svega za digestivni i kardiovaskularni sistem). Narand\u017ee su bogate vitaminima B9 (folat), C i B1 (tiamin). Karotenoidi [&hellip;]<\/p>\n","protected":false},"featured_media":2747,"comment_status":"open","ping_status":"closed","template":"","meta":{"_acf_changed":false},"product_brand":[],"product_cat":[133,231,166],"product_tag":[],"class_list":{"0":"post-4852","1":"product","2":"type-product","3":"status-publish","4":"has-post-thumbnail","6":"product_cat-domace-voce","7":"product_cat-frutto-fresh","8":"product_cat-voce-povrce-grickalice","9":"pa_grad-isporuke-beograd","11":"first","12":"instock","13":"shipping-taxable","14":"purchasable","15":"product-type-simple"},"acf":[],"_links":{"self":[{"href":"https:\/\/officebite.io\/shop\/wp-json\/wp\/v2\/product\/4852","targetHints":{"allow":["GET"]}}],"collection":[{"href":"https:\/\/officebite.io\/shop\/wp-json\/wp\/v2\/product"}],"about":[{"href":"https:\/\/officebite.io\/shop\/wp-json\/wp\/v2\/types\/product"}],"replies":[{"embeddable":true,"href":"https:\/\/officebite.io\/shop\/wp-json\/wp\/v2\/comments?post=4852"}],"wp:featuredmedia":[{"embeddable":true,"href":"https:\/\/officebite.io\/shop\/wp-json\/wp\/v2\/media\/2747"}],"wp:attachment":[{"href":"https:\/\/officebite.io\/shop\/wp-json\/wp\/v2\/media?parent=4852"}],"wp:term":[{"taxonomy":"product_brand","embeddable":true,"href":"https:\/\/officebite.io\/shop\/wp-json\/wp\/v2\/product_brand?post=4852"},{"taxonomy":"product_cat","embeddable":true,"href":"https:\/\/officebite.io\/shop\/wp-json\/wp\/v2\/product_cat?post=4852"},{"taxonomy":"product_tag","embeddable":true,"href":"https:\/\/officebite.io\/shop\/wp-json\/wp\/v2\/product_tag?post=4852"}],"curies":[{"name":"wp","href":"https:\/\/api.w.org\/{rel}","templated":true}]}}