{"id":28494,"date":"2026-05-15T10:52:15","date_gmt":"2026-05-15T08:52:15","guid":{"rendered":"https:\/\/officebite.io\/shop\/?post_type=product&#038;p=28494"},"modified":"2026-05-15T16:40:26","modified_gmt":"2026-05-15T14:40:26","slug":"tost-semenke-tvojih-5-minuta-500g","status":"publish","type":"product","link":"https:\/\/officebite.io\/shop\/proizvod\/tost-semenke-tvojih-5-minuta-500g\/","title":{"rendered":"Tost Semenke Tvojih 5 minuta 500g"},"content":{"rendered":"<div id=\"model-response-message-contentr_744c67f784bde9bc\" class=\"markdown markdown-main-panel stronger enable-updated-hr-color\" dir=\"ltr\" aria-live=\"polite\">\n<p data-path-to-node=\"0\"><b data-path-to-node=\"0\" data-index-in-node=\"0\">Tost Semenke Tvojih 5 minuta 500g<\/b><\/p>\n<p data-path-to-node=\"1\">Specijalna vrsta p\u0161eni\u010dnog hleba produ\u017eene sve\u017eine, oboga\u0107ena hranljivim semenkama koje daju hrskavu teksturu i bogatiji nutritivni profil. Odli\u010dan izbor za zdraviji doru\u010dak ili u\u017einu u kancelariji, pru\u017ea dugotrajan ose\u0107aj sitosti i energiju potrebnu za radni dan. Ve\u0107 nase\u010den na kri\u0161ke, spreman je za direktnu konzumaciju ili tostiranje.<\/p>\n<p data-path-to-node=\"2\"><b data-path-to-node=\"2\" data-index-in-node=\"0\">Sadr\u017eaj:<\/b><\/p>\n<p data-path-to-node=\"2\">P\u0161eni\u010dno belo bra\u0161no T-500, voda, semenke (suncokret, lan, susam), p\u0161eni\u010dno integralno bra\u0161no, \u0161e\u0107er, pekarski kvasac, kuhinjska so, suncokretovo ulje, p\u0161eni\u010dni gluten, emulgatori i konzervansi.<\/p>\n<p data-path-to-node=\"3\"><b data-path-to-node=\"3\" data-index-in-node=\"0\">Nutritivne vrednosti na 100 g:<\/b><\/p>\n<p data-path-to-node=\"3\">286 kcal | Ugljeni hidrati 45 g | Proteini 9.8 g | Masti 6.5 g | Vlakna 4.2 g<\/p>\n<\/div>\n","protected":false},"excerpt":{"rendered":"<div id=\"model-response-message-contentr_744c67f784bde9bc\" class=\"markdown markdown-main-panel stronger enable-updated-hr-color\" dir=\"ltr\" aria-live=\"polite\">\n<p data-path-to-node=\"0\"><b data-path-to-node=\"0\" data-index-in-node=\"0\">Tost Semenke Tvojih 5 minuta 500g<\/b><\/p>\n<p data-path-to-node=\"1\">Specijalna vrsta p\u0161eni\u010dnog hleba produ\u017eene sve\u017eine, oboga\u0107ena hranljivim semenkama koje daju hrskavu teksturu i bogatiji nutritivni profil. Odli\u010dan izbor za zdraviji doru\u010dak ili u\u017einu u kancelariji, pru\u017ea dugotrajan ose\u0107aj sitosti i energiju potrebnu za radni dan. Ve\u0107 nase\u010den na kri\u0161ke, spreman je za direktnu konzumaciju ili tostiranje.<\/p>\n<p data-path-to-node=\"2\"><b data-path-to-node=\"2\" data-index-in-node=\"0\">Sadr\u017eaj:<\/b><\/p>\n<p data-path-to-node=\"2\">P\u0161eni\u010dno belo bra\u0161no T-500, voda, semenke (suncokret, lan, susam), p\u0161eni\u010dno integralno bra\u0161no, \u0161e\u0107er, pekarski kvasac, kuhinjska so, suncokretovo ulje, p\u0161eni\u010dni gluten, emulgatori i konzervansi.<\/p>\n<p data-path-to-node=\"3\"><b data-path-to-node=\"3\" data-index-in-node=\"0\">Nutritivne vrednosti na 100 g:<\/b><\/p>\n<p data-path-to-node=\"3\">286 kcal | Ugljeni hidrati 45 g | Proteini 9.8 g | Masti 6.5 g | Vlakna 4.2 g<\/p>\n<\/div>\n","protected":false},"featured_media":28666,"comment_status":"open","ping_status":"closed","template":"","meta":{"_acf_changed":false},"product_brand":[],"product_cat":[357],"product_tag":[],"class_list":{"0":"post-28494","1":"product","2":"type-product","3":"status-publish","4":"has-post-thumbnail","6":"product_cat-hleb-i-peciva","8":"first","9":"instock","10":"shipping-taxable","11":"purchasable","12":"product-type-simple"},"acf":[],"_links":{"self":[{"href":"https:\/\/officebite.io\/shop\/wp-json\/wp\/v2\/product\/28494","targetHints":{"allow":["GET"]}}],"collection":[{"href":"https:\/\/officebite.io\/shop\/wp-json\/wp\/v2\/product"}],"about":[{"href":"https:\/\/officebite.io\/shop\/wp-json\/wp\/v2\/types\/product"}],"replies":[{"embeddable":true,"href":"https:\/\/officebite.io\/shop\/wp-json\/wp\/v2\/comments?post=28494"}],"wp:featuredmedia":[{"embeddable":true,"href":"https:\/\/officebite.io\/shop\/wp-json\/wp\/v2\/media\/28666"}],"wp:attachment":[{"href":"https:\/\/officebite.io\/shop\/wp-json\/wp\/v2\/media?parent=28494"}],"wp:term":[{"taxonomy":"product_brand","embeddable":true,"href":"https:\/\/officebite.io\/shop\/wp-json\/wp\/v2\/product_brand?post=28494"},{"taxonomy":"product_cat","embeddable":true,"href":"https:\/\/officebite.io\/shop\/wp-json\/wp\/v2\/product_cat?post=28494"},{"taxonomy":"product_tag","embeddable":true,"href":"https:\/\/officebite.io\/shop\/wp-json\/wp\/v2\/product_tag?post=28494"}],"curies":[{"name":"wp","href":"https:\/\/api.w.org\/{rel}","templated":true}]}}