{"id":28490,"date":"2026-05-15T10:41:50","date_gmt":"2026-05-15T08:41:50","guid":{"rendered":"https:\/\/officebite.io\/shop\/?post_type=product&#038;p=28490"},"modified":"2026-05-15T17:58:09","modified_gmt":"2026-05-15T15:58:09","slug":"tost-classic-tvojih-5-minuta-500-g","status":"publish","type":"product","link":"https:\/\/officebite.io\/shop\/proizvod\/tost-classic-tvojih-5-minuta-500-g\/","title":{"rendered":"Tost Classic \u2013 Tvojih 5 Minuta 500 g"},"content":{"rendered":"<h2>Tost Classic \u2013 Tvojih 5 Minuta 500 g<\/h2>\n<p>Mekani tost hleb idealan za brze sendvi\u010de, doru\u010dak i office kitchen upotrebu. Pogodan za tostiranje i svakodnevne kancelarijske obroke.<\/p>\n<h3>Sastav:<\/h3>\n<p>P\u0161eni\u010dno bra\u0161no, voda, kvasac, biljna mast, \u0161e\u0107er, so.<\/p>\n<h3>Nutritivne vrednosti na 100 g:<\/h3>\n<p>265 kcal | UH 49 g | Proteini 8 g | Masti 3.5 g<\/p>\n","protected":false},"excerpt":{"rendered":"<h2>Tost Classic \u2013 Tvojih 5 Minuta 500 g<\/h2>\n<p>Mekani tost hleb idealan za brze sendvi\u010de, doru\u010dak i office kitchen upotrebu. Pogodan za tostiranje i svakodnevne kancelarijske obroke.<\/p>\n<h3>Sastav:<\/h3>\n<p>P\u0161eni\u010dno bra\u0161no, voda, kvasac, biljna mast, \u0161e\u0107er, so.<\/p>\n<h3>Nutritivne vrednosti na 100 g:<\/h3>\n<p>265 kcal | UH 49 g | Proteini 8 g | Masti 3.5 g<\/p>\n","protected":false},"featured_media":28664,"comment_status":"open","ping_status":"closed","template":"","meta":{"_acf_changed":false},"product_brand":[],"product_cat":[357],"product_tag":[],"class_list":{"0":"post-28490","1":"product","2":"type-product","3":"status-publish","4":"has-post-thumbnail","6":"product_cat-hleb-i-peciva","8":"first","9":"instock","10":"shipping-taxable","11":"purchasable","12":"product-type-simple"},"acf":[],"_links":{"self":[{"href":"https:\/\/officebite.io\/shop\/wp-json\/wp\/v2\/product\/28490","targetHints":{"allow":["GET"]}}],"collection":[{"href":"https:\/\/officebite.io\/shop\/wp-json\/wp\/v2\/product"}],"about":[{"href":"https:\/\/officebite.io\/shop\/wp-json\/wp\/v2\/types\/product"}],"replies":[{"embeddable":true,"href":"https:\/\/officebite.io\/shop\/wp-json\/wp\/v2\/comments?post=28490"}],"wp:featuredmedia":[{"embeddable":true,"href":"https:\/\/officebite.io\/shop\/wp-json\/wp\/v2\/media\/28664"}],"wp:attachment":[{"href":"https:\/\/officebite.io\/shop\/wp-json\/wp\/v2\/media?parent=28490"}],"wp:term":[{"taxonomy":"product_brand","embeddable":true,"href":"https:\/\/officebite.io\/shop\/wp-json\/wp\/v2\/product_brand?post=28490"},{"taxonomy":"product_cat","embeddable":true,"href":"https:\/\/officebite.io\/shop\/wp-json\/wp\/v2\/product_cat?post=28490"},{"taxonomy":"product_tag","embeddable":true,"href":"https:\/\/officebite.io\/shop\/wp-json\/wp\/v2\/product_tag?post=28490"}],"curies":[{"name":"wp","href":"https:\/\/api.w.org\/{rel}","templated":true}]}}