{"id":28267,"date":"2026-05-13T04:53:24","date_gmt":"2026-05-13T02:53:24","guid":{"rendered":"https:\/\/officebite.io\/shop\/?post_type=product&#038;p=28267"},"modified":"2026-05-15T14:30:13","modified_gmt":"2026-05-15T12:30:13","slug":"salama-domaca-slajs-zlatiborac-100g-2","status":"publish","type":"product","link":"https:\/\/officebite.io\/shop\/proizvod\/salama-domaca-slajs-zlatiborac-100g-2\/","title":{"rendered":"Salama doma\u0107a slajs Zlatiborac 100g"},"content":{"rendered":"<p><strong>Salama doma\u0107a slajs Zlatiborac 100g<\/strong><\/p>\n<p>Tradicionalna doma\u0107a salama bogatog ukusa i pa\u017eljivo biranih za\u010dina, prakti\u010dno se\u010dena na tanke listove za brzu pripremu obroka ili sendvi\u010da. Idealan izbor za doru\u010dak, pauzu na poslu ili poslu\u017eenje u kancelariji.<\/p>\n<p><strong>Sadr\u017eaj:<\/strong><\/p>\n<p>Svinjsko meso, june\u0107e meso, za\u010dini, kuhinjska so, stabilizatori i prirodne arome dima.<\/p>\n<p><strong>Nutritivne vrednosti na 100 g:<\/strong><\/p>\n<p>310 kcal | Ugljeni hidrati 2 g | Proteini 17 g | Masti 26 g | So 2.4 g<\/p>\n","protected":false},"excerpt":{"rendered":"<p><strong>Salama doma\u0107a slajs Zlatiborac 100g<\/strong><\/p>\n<p>Tradicionalna doma\u0107a salama bogatog ukusa i pa\u017eljivo biranih za\u010dina, prakti\u010dno se\u010dena na tanke listove za brzu pripremu obroka ili sendvi\u010da. Idealan izbor za doru\u010dak, pauzu na poslu ili poslu\u017eenje u kancelariji.<\/p>\n<p><strong>Sadr\u017eaj:<\/strong><\/p>\n<p>Svinjsko meso, june\u0107e meso, za\u010dini, kuhinjska so, stabilizatori i prirodne arome dima.<\/p>\n<p><strong>Nutritivne vrednosti na 100 g:<\/strong><\/p>\n<p>310 kcal | Ugljeni hidrati 2 g | Proteini 17 g | Masti 26 g | So 2.4 g<\/p>\n","protected":false},"featured_media":28644,"comment_status":"open","ping_status":"closed","template":"","meta":{"_acf_changed":false},"product_brand":[],"product_cat":[323,356,359],"product_tag":[],"class_list":{"0":"post-28267","1":"product","2":"type-product","3":"status-publish","4":"has-post-thumbnail","6":"product_cat-prehrana","7":"product_cat-gastro-sapiens-market-prehrana","8":"product_cat-meso-i-mesne-prerade-gastro-sapiens-market-prehrana","9":"pa_grad-isporuke-novi-sad","11":"first","12":"instock","13":"shipping-taxable","14":"purchasable","15":"product-type-simple"},"acf":[],"_links":{"self":[{"href":"https:\/\/officebite.io\/shop\/wp-json\/wp\/v2\/product\/28267","targetHints":{"allow":["GET"]}}],"collection":[{"href":"https:\/\/officebite.io\/shop\/wp-json\/wp\/v2\/product"}],"about":[{"href":"https:\/\/officebite.io\/shop\/wp-json\/wp\/v2\/types\/product"}],"replies":[{"embeddable":true,"href":"https:\/\/officebite.io\/shop\/wp-json\/wp\/v2\/comments?post=28267"}],"wp:featuredmedia":[{"embeddable":true,"href":"https:\/\/officebite.io\/shop\/wp-json\/wp\/v2\/media\/28644"}],"wp:attachment":[{"href":"https:\/\/officebite.io\/shop\/wp-json\/wp\/v2\/media?parent=28267"}],"wp:term":[{"taxonomy":"product_brand","embeddable":true,"href":"https:\/\/officebite.io\/shop\/wp-json\/wp\/v2\/product_brand?post=28267"},{"taxonomy":"product_cat","embeddable":true,"href":"https:\/\/officebite.io\/shop\/wp-json\/wp\/v2\/product_cat?post=28267"},{"taxonomy":"product_tag","embeddable":true,"href":"https:\/\/officebite.io\/shop\/wp-json\/wp\/v2\/product_tag?post=28267"}],"curies":[{"name":"wp","href":"https:\/\/api.w.org\/{rel}","templated":true}]}}