{"id":24470,"date":"2025-08-07T17:36:50","date_gmt":"2025-08-07T15:36:50","guid":{"rendered":"https:\/\/officebite.io\/shop\/?post_type=product&#038;p=24470"},"modified":"2025-12-08T10:18:09","modified_gmt":"2025-12-08T09:18:09","slug":"ovseni-hrskavi-hlepcici-sa-belim-lukom-150g-deus","status":"publish","type":"product","link":"https:\/\/officebite.io\/shop\/proizvod\/ovseni-hrskavi-hlepcici-sa-belim-lukom-150g-deus\/","title":{"rendered":"Ovseni hrskavi hlepcici sa belim lukom 150g Deus"},"content":{"rendered":"","protected":false},"excerpt":{"rendered":"<p>Hleb od ovsenih pahuljica je vrsta beskvasnog hleba koji koristi ovsene pahuljice kao osnovni sastojak, umesto belog bra\u0161na koji se kod nas naj\u010de\u0161\u0107e koristi. Ovsene pahuljice daju hlebu gustu teksturu, bogat i neodoljiv ukus, kao i visok sadr\u017eaj vlakana i minerala poput magnezijuma, mangana, bakra, fosfora, gvo\u017e\u0111a i cinka. Ovakav hleb je bogat i beta glukanom.\u00a0<strong>Hleb sa ovsenim pahuljicama pored ovsa sadr\u017ei so i neke sastojke kao \u0161to su golica, kurkuma, beli luk, susam i drugi za\u010dini.<\/strong><\/p>\n","protected":false},"featured_media":24462,"comment_status":"open","ping_status":"closed","template":"","meta":{"_acf_changed":false},"product_brand":[],"product_cat":[129],"product_tag":[],"class_list":{"0":"post-24470","1":"product","2":"type-product","3":"status-publish","4":"has-post-thumbnail","6":"product_cat-zdrava-hrana-frutto-fresh","7":"pa_grad-isporuke-beograd","9":"first","10":"instock","11":"shipping-taxable","12":"purchasable","13":"product-type-simple"},"acf":[],"_links":{"self":[{"href":"https:\/\/officebite.io\/shop\/wp-json\/wp\/v2\/product\/24470","targetHints":{"allow":["GET"]}}],"collection":[{"href":"https:\/\/officebite.io\/shop\/wp-json\/wp\/v2\/product"}],"about":[{"href":"https:\/\/officebite.io\/shop\/wp-json\/wp\/v2\/types\/product"}],"replies":[{"embeddable":true,"href":"https:\/\/officebite.io\/shop\/wp-json\/wp\/v2\/comments?post=24470"}],"wp:featuredmedia":[{"embeddable":true,"href":"https:\/\/officebite.io\/shop\/wp-json\/wp\/v2\/media\/24462"}],"wp:attachment":[{"href":"https:\/\/officebite.io\/shop\/wp-json\/wp\/v2\/media?parent=24470"}],"wp:term":[{"taxonomy":"product_brand","embeddable":true,"href":"https:\/\/officebite.io\/shop\/wp-json\/wp\/v2\/product_brand?post=24470"},{"taxonomy":"product_cat","embeddable":true,"href":"https:\/\/officebite.io\/shop\/wp-json\/wp\/v2\/product_cat?post=24470"},{"taxonomy":"product_tag","embeddable":true,"href":"https:\/\/officebite.io\/shop\/wp-json\/wp\/v2\/product_tag?post=24470"}],"curies":[{"name":"wp","href":"https:\/\/api.w.org\/{rel}","templated":true}]}}