{"id":23457,"date":"2025-06-12T18:15:29","date_gmt":"2025-06-12T16:15:29","guid":{"rendered":"https:\/\/officebite.io\/shop\/proizvod\/tuc-kreker-bacon-100-g\/"},"modified":"2026-03-12T19:20:55","modified_gmt":"2026-03-12T18:20:55","slug":"tuc-kreker-bacon-100-g","status":"publish","type":"product","link":"https:\/\/officebite.io\/shop\/proizvod\/tuc-kreker-bacon-100-g\/","title":{"rendered":"TUC Kreker bacon 100 g"},"content":{"rendered":"<p>Sastojci: P\u0161eni\u010dno bra\u0161no, suncokretovo ulje 22%, glukozni sirup, ekstrat je\u010dmenog slada, sredstva za dizanje testa (E503ii, E500), so, surutka u prahu (iz mleka), arome i aroma dima, poja\u010diva\u010di aroma (E621, E631, E627), crni luk i prahu, \u0161e\u0107er, slanina u prahu, 0,1%, boje (E150c, E120), sredstvo za tretiranje bra\u0161na (natrijum metabisulfit), za\u010dini<\/p>\n<p>Alergen<\/p>\n<p>Mo\u017ee sadr\u017eati<\/p>\n<p>Jaja i proizvodi od jaja<\/p>\n<p>Soja i proizvodi od soje<\/p>\n<p>Seme susama i njegovi proizvodi<\/p>\n","protected":false},"excerpt":{"rendered":"<p>TUC slani krekeri sa ukusom slanine. Pakovanje 100 g. *broj komada u transportnom pakovanju: 24*<\/p>\n","protected":false},"featured_media":23456,"comment_status":"open","ping_status":"closed","template":"","meta":{"_acf_changed":false},"product_brand":[],"product_cat":[330,323,324],"product_tag":[],"class_list":{"0":"post-23457","1":"product","2":"type-product","3":"status-publish","4":"has-post-thumbnail","6":"product_cat-konditori","7":"product_cat-prehrana","8":"product_cat-soha-market-prehrana","10":"first","11":"instock","12":"shipping-taxable","13":"purchasable","14":"product-type-simple"},"acf":[],"_links":{"self":[{"href":"https:\/\/officebite.io\/shop\/wp-json\/wp\/v2\/product\/23457","targetHints":{"allow":["GET"]}}],"collection":[{"href":"https:\/\/officebite.io\/shop\/wp-json\/wp\/v2\/product"}],"about":[{"href":"https:\/\/officebite.io\/shop\/wp-json\/wp\/v2\/types\/product"}],"replies":[{"embeddable":true,"href":"https:\/\/officebite.io\/shop\/wp-json\/wp\/v2\/comments?post=23457"}],"wp:featuredmedia":[{"embeddable":true,"href":"https:\/\/officebite.io\/shop\/wp-json\/wp\/v2\/media\/23456"}],"wp:attachment":[{"href":"https:\/\/officebite.io\/shop\/wp-json\/wp\/v2\/media?parent=23457"}],"wp:term":[{"taxonomy":"product_brand","embeddable":true,"href":"https:\/\/officebite.io\/shop\/wp-json\/wp\/v2\/product_brand?post=23457"},{"taxonomy":"product_cat","embeddable":true,"href":"https:\/\/officebite.io\/shop\/wp-json\/wp\/v2\/product_cat?post=23457"},{"taxonomy":"product_tag","embeddable":true,"href":"https:\/\/officebite.io\/shop\/wp-json\/wp\/v2\/product_tag?post=23457"}],"curies":[{"name":"wp","href":"https:\/\/api.w.org\/{rel}","templated":true}]}}