{"id":23451,"date":"2025-06-12T18:15:27","date_gmt":"2025-06-12T16:15:27","guid":{"rendered":"https:\/\/officebite.io\/shop\/proizvod\/fine-life-krem-duo-350-g\/"},"modified":"2026-03-12T15:07:26","modified_gmt":"2026-03-12T14:07:26","slug":"fine-life-krem-duo-350-g","status":"publish","type":"product","link":"https:\/\/officebite.io\/shop\/proizvod\/fine-life-krem-duo-350-g\/","title":{"rendered":"Fine Life Krem duo 350 g"},"content":{"rendered":"<p>Sastojci: \u0160e\u0107er, palmino ulje, repi\u010dino ulje, slatka surutka u prahu (od MLEKA) 6,2 %, nemasni kakao prah 2,5%, LE\u0160NICI 2,5%, emulgator: lecitin, arome.<\/p>\n<p>Alergen<br \/>\nSadr\u017ei<br \/>\nMleko i proizvodi od mleka<br \/>\nLe\u0161nik i njegovi proizvodi<\/p>\n","protected":false},"excerpt":{"rendered":"<p>Fine Life krem duo je ukusan namaz koji kombinuje bogate ukuse kakaa, le\u0161nika i mleka, stvaraju\u0107i savr\u0161enu harmoniju za va\u0161e nepce. Ova tegla od 350 g idealna je za one koji u\u017eivaju u kremastim i rasko\u0161nim poslasticama. Bilo da ga ma\u017eete na tost, dodajete omiljenim desertima ili jednostavno u\u017eivate ka\u0161ikom, Fine Life krem duo nudi ukusno iskustvo. Proizvod je dizajniran za one koji cene visokokvalitetne sastojke i uravnote\u017een ukus. Savr\u0161en je za doru\u010dak, u\u017einu ili kao slatki dodatak va\u0161im kulinarskim kreacijama. U\u017eivajte u glatkoj teksturi i divnom spoju ukusa koji \u010dine Fine Life krem duo omiljenim me\u0111u potro\u0161a\u010dima.<\/p>\n","protected":false},"featured_media":23450,"comment_status":"open","ping_status":"closed","template":"","meta":{"_acf_changed":false},"product_brand":[],"product_cat":[325,323,324],"product_tag":[],"class_list":{"0":"post-23451","1":"product","2":"type-product","3":"status-publish","4":"has-post-thumbnail","6":"product_cat-osnovne-namirnice","7":"product_cat-prehrana","8":"product_cat-soha-market-prehrana","9":"pa_grad-isporuke-novi-sad","11":"first","12":"instock","13":"shipping-taxable","14":"purchasable","15":"product-type-simple"},"acf":[],"_links":{"self":[{"href":"https:\/\/officebite.io\/shop\/wp-json\/wp\/v2\/product\/23451","targetHints":{"allow":["GET"]}}],"collection":[{"href":"https:\/\/officebite.io\/shop\/wp-json\/wp\/v2\/product"}],"about":[{"href":"https:\/\/officebite.io\/shop\/wp-json\/wp\/v2\/types\/product"}],"replies":[{"embeddable":true,"href":"https:\/\/officebite.io\/shop\/wp-json\/wp\/v2\/comments?post=23451"}],"wp:featuredmedia":[{"embeddable":true,"href":"https:\/\/officebite.io\/shop\/wp-json\/wp\/v2\/media\/23450"}],"wp:attachment":[{"href":"https:\/\/officebite.io\/shop\/wp-json\/wp\/v2\/media?parent=23451"}],"wp:term":[{"taxonomy":"product_brand","embeddable":true,"href":"https:\/\/officebite.io\/shop\/wp-json\/wp\/v2\/product_brand?post=23451"},{"taxonomy":"product_cat","embeddable":true,"href":"https:\/\/officebite.io\/shop\/wp-json\/wp\/v2\/product_cat?post=23451"},{"taxonomy":"product_tag","embeddable":true,"href":"https:\/\/officebite.io\/shop\/wp-json\/wp\/v2\/product_tag?post=23451"}],"curies":[{"name":"wp","href":"https:\/\/api.w.org\/{rel}","templated":true}]}}