{"id":12082,"date":"2023-03-20T13:08:03","date_gmt":"2023-03-20T12:08:03","guid":{"rendered":"https:\/\/officebite.io\/?post_type=product&#038;p=12082"},"modified":"2025-10-29T11:05:12","modified_gmt":"2025-10-29T10:05:12","slug":"heljdopita-zeljanica-500g","status":"publish","type":"product","link":"https:\/\/officebite.io\/shop\/proizvod\/heljdopita-zeljanica-500g\/","title":{"rendered":"Heljdopita Zeljanica, 500g"},"content":{"rendered":"<p><strong>Pita je napravljena u \u0161tapu i iseckana je na manje delove.<\/strong><\/p>\n<p>Spana\u0107 sa sirom u heljdinim ru\u010dno ra\u0111enim korama je idealan po\u010detakradne nedelje. Nau\u010dno je utvr\u0111eno da je heljda zdrava i lekovita biljka i svakako zdravlja vredna.<br \/>\nSastojci: spana\u0107, sir, heljdino bra\u0161no.<br \/>\nAlargeni: gluten, sir<\/p>\n<p>Ovaj proizvod na Office Bite platformi stavljaju u ponudu i dostavljaju:<br \/>\nPiterija Klju\u010d u Beogradu<\/p>\n","protected":false},"excerpt":{"rendered":"<p>Spana\u0107 sa sirom u heljdinim ru\u010dno ra\u0111enim korama je idealan po\u010detakradne nedelje. Nau\u010dno je utvr\u0111eno da je heljda zdrava i lekovita biljka i svakako zdravlja vredna.<\/p>\n","protected":false},"featured_media":12085,"comment_status":"open","ping_status":"closed","template":"","meta":{"_acf_changed":false},"product_brand":[],"product_cat":[167,168,257],"product_tag":[],"class_list":{"0":"post-12082","1":"product","2":"type-product","3":"status-publish","4":"has-post-thumbnail","6":"product_cat-instant-ketering","7":"product_cat-pekara-kljuc","8":"product_cat-pite","9":"pa_grad-isporuke-beograd","11":"first","12":"instock","13":"shipping-taxable","14":"purchasable","15":"product-type-simple"},"acf":[],"_links":{"self":[{"href":"https:\/\/officebite.io\/shop\/wp-json\/wp\/v2\/product\/12082","targetHints":{"allow":["GET"]}}],"collection":[{"href":"https:\/\/officebite.io\/shop\/wp-json\/wp\/v2\/product"}],"about":[{"href":"https:\/\/officebite.io\/shop\/wp-json\/wp\/v2\/types\/product"}],"replies":[{"embeddable":true,"href":"https:\/\/officebite.io\/shop\/wp-json\/wp\/v2\/comments?post=12082"}],"wp:featuredmedia":[{"embeddable":true,"href":"https:\/\/officebite.io\/shop\/wp-json\/wp\/v2\/media\/12085"}],"wp:attachment":[{"href":"https:\/\/officebite.io\/shop\/wp-json\/wp\/v2\/media?parent=12082"}],"wp:term":[{"taxonomy":"product_brand","embeddable":true,"href":"https:\/\/officebite.io\/shop\/wp-json\/wp\/v2\/product_brand?post=12082"},{"taxonomy":"product_cat","embeddable":true,"href":"https:\/\/officebite.io\/shop\/wp-json\/wp\/v2\/product_cat?post=12082"},{"taxonomy":"product_tag","embeddable":true,"href":"https:\/\/officebite.io\/shop\/wp-json\/wp\/v2\/product_tag?post=12082"}],"curies":[{"name":"wp","href":"https:\/\/api.w.org\/{rel}","templated":true}]}}